{"id":66,"date":"2025-08-29T17:37:33","date_gmt":"2025-08-29T15:37:33","guid":{"rendered":"https:\/\/normofi.fr\/?page_id=66"},"modified":"2026-03-26T20:35:19","modified_gmt":"2026-03-26T18:35:19","slug":"normofi-home-basic","status":"publish","type":"page","link":"https:\/\/normofi.fr\/","title":{"rendered":"Normofi home"},"content":{"rendered":"<div id=\"sp-page\" class=\"spBgcover sp-content-4\" style=\"background-color: rgb(255, 255, 255); font-family: 'Helvetica Neue', Arial, sans-serif; font-weight: 400;\">\n<section id=\"sp-ks8a8s\" data-mobile-visibility=\"#sp-ks8a8s|false\" data-tablet-visibility=\"#sp-ks8a8s|false\" data-desktop-visibility=\"#sp-ks8a8s|false\" data-mobile-css=\"\" data-tablet-css=\"\" class=\"sp-el-section \" style=\"width: 100%; max-width: 100%; padding: 10px;\">\n<div id=\"sp-gpb3qg\" data-mobile-visibility=\"#sp-gpb3qg|false\" data-tablet-visibility=\"#sp-gpb3qg|false\" data-desktop-visibility=\"#sp-gpb3qg|false\" data-mobile-css=\"\" data-tablet-css=\"\" class=\"sp-el-row sp-w-full  sp-m-auto sm:sp-flex sp-justify-between\">\n<div id=\"sp-bmsjay\" data-mobile-visibility=\"#sp-bmsjay|false\" data-tablet-visibility=\"#sp-bmsjay|false\" data-desktop-visibility=\"#sp-bmsjay|false\" data-mobile-css=\"\" data-tablet-css=\"\" class=\"sp-el-col  sp-w-full\" style=\"width: calc(35% - 0px);\">\n<figure id=\"sp-gld63v\" data-mobile-css=\"#sp-gld63v|text-align:center;\" data-tablet-css=\"#sp-gld63v|text-align:center;\" class=\"sp-image-wrapper sp-el-block\" style=\"margin: 0px; text-align: center;\">\n<div><span><img loading=\"lazy\" decoding=\"async\" src=\"https:\/\/normofi.fr\/wp-content\/uploads\/2025\/08\/logo_png.png\" alt=\"\" width=\"475\" height=\"107\" data-dynamic-tag=\"\" data-image-src=\"wpmedia\" data-mobile-visibility=\".sp-image-block-gld63v|false\" data-tablet-visibility=\".sp-image-block-gld63v|false\" data-desktop-visibility=\".sp-image-block-gld63v|false\" srcset=\" https:\/\/normofi.fr\/wp-content\/uploads\/2025\/08\/logo_png-150x107.png 150w, https:\/\/normofi.fr\/wp-content\/uploads\/2025\/08\/logo_png-300x68.png 300w, https:\/\/normofi.fr\/wp-content\/uploads\/2025\/08\/logo_png.png 475w\" class=\"sp-image-block-gld63v custom-preview-class\" style=\"width: 475px;\"><\/span><\/div>\n<div id=\"sp-image-dynamic-tags-js-gld63v\"><script>jQuery(function() { image_dynamic_tags('gld63v' );});<\/script><\/div>\n<\/figure>\n<\/div>\n<div id=\"sp-trelf4\" data-mobile-visibility=\"#sp-trelf4|false\" data-tablet-visibility=\"#sp-trelf4|false\" data-desktop-visibility=\"#sp-trelf4|false\" data-mobile-css=\"\" data-tablet-css=\"\" class=\"sp-el-col  sp-w-full\" style=\"width: calc(65% - 0px);\">\n<div id=\"sp-button-parent-hl4cwd\" data-mobile-css=\"#sp-button-parent-hl4cwd|text-align:center;\" data-tablet-css=\"#sp-button-parent-hl4cwd|text-align:center;\" class=\"sp-button-wrapper sp-el-block\" style=\"margin: 0px; text-align: center;\"><a href=\"\" id=\"sp-hl4cwd\" data-mobile-css=\"\" data-tablet-css=\"\" data-mobile-visibility=\".sp-button-hl4cwd|false\" data-tablet-visibility=\".sp-button-hl4cwd|false\" data-desktop-visibility=\".sp-button-hl4cwd|false\" target=\"\" rel=\"nofollow\" class=\"sp-button sp-css-target sp-text-center sp-inline-block sp-leading-none sp-button-hl4cwd\" style=\"font-size: 22px; background: rgb(30, 136, 229); color: rgb(255, 255, 255); width: auto; padding: 16px 20px; border-radius: 100px;\"><span>02 31 72 06 07<\/span><\/a><\/div>\n<\/div>\n<\/div>\n<div id=\"sp-vw3kvy\" data-mobile-visibility=\"#sp-vw3kvy|false\" data-tablet-visibility=\"#sp-vw3kvy|false\" data-desktop-visibility=\"#sp-vw3kvy|false\" data-mobile-css=\"\" data-tablet-css=\"\" class=\"sp-el-row sp-w-full  sp-m-auto sm:sp-flex sp-justify-between\" style=\"padding: 0px; width: auto; max-width: 1000px;\">\n<div id=\"sp-ovbx1s\" data-mobile-visibility=\"#sp-ovbx1s|false\" data-tablet-visibility=\"#sp-ovbx1s|false\" data-desktop-visibility=\"#sp-ovbx1s|false\" data-mobile-css=\"\" data-tablet-css=\"\" class=\"sp-el-col  sp-w-full\" style=\"width: calc(100% - 0px);\"><span href=\"\" target=\"\" rel=\"\" class=\"sp-header-block-link\" style=\"text-decoration: none;\"><\/p>\n<h1 id=\"sp-y0sc75\" data-mobile-css=\".sp-headline-block-y0sc75, #sp-y0sc75, #y0sc75|text-align:center;\" data-tablet-css=\".sp-headline-block-y0sc75, #sp-y0sc75, #y0sc75|text-align:center;\" data-mobile-visibility=\".sp-headline-block-y0sc75|false\" data-tablet-visibility=\".sp-headline-block-y0sc75|false\" data-desktop-visibility=\".sp-headline-block-y0sc75|false\" class=\"sp-css-target sp-el-block sp-headline-block-y0sc75 sp-type-header\" style=\"font-size: 54px; font-family: Tahoma, Geneva, sans-serif; text-align: center; margin: 0px;\">Site en construction<\/h1>\n<p><\/span><\/p>\n<div id=\"sp-p7ef8k\" data-mobile-css=\".sp-text-wrapper-p7ef8k, #sp-p7ef8k, #p7ef8k|text-align:left;\" data-tablet-css=\".sp-text-wrapper-p7ef8k, #sp-p7ef8k, #p7ef8k|text-align:left;\" data-mobile-visibility=\".sp-text-wrapper-p7ef8k|false\" data-tablet-visibility=\".sp-text-wrapper-p7ef8k|false\" data-desktop-visibility=\".sp-text-wrapper-p7ef8k|false\" class=\"sp-css-target sp-text-wrapper sp-el-block sp-text-wrapper-p7ef8k\" style=\"font-size: 18px; font-weight: 400; font-style: normal; font-family: Tahoma, Geneva, sans-serif; margin: 0px; text-align: center;\">\n<p>Entreprise de fourniture industrielles, sp\u00e9cialis\u00e9 dans le mat\u00e9riel de soudure et compresseurs d&rsquo;air <br \/>dans toute la normandie<\/p>\n<\/div>\n<figure id=\"sp-yo33pt\" data-mobile-css=\"#sp-yo33pt|text-align:center;\" data-tablet-css=\"#sp-yo33pt|text-align:center;\" class=\"sp-image-wrapper sp-el-block\" style=\"margin: 0px; text-align: center;\">\n<div><span><img decoding=\"async\" src=\"https:\/\/assets.seedprod.com\/1827-rXHOzAmuMD027FfU.png\" alt=\"\" width=\"\" height=\"\" data-dynamic-tag=\"\" data-image-src=\"\" data-mobile-visibility=\".sp-image-block-yo33pt|false\" data-tablet-visibility=\".sp-image-block-yo33pt|false\" data-desktop-visibility=\".sp-image-block-yo33pt|false\" class=\"sp-image-block-yo33pt custom-preview-class\"><\/span><\/div>\n<div id=\"sp-image-dynamic-tags-js-yo33pt\"><script>jQuery(function() { image_dynamic_tags('yo33pt' );});<\/script><\/div>\n<\/figure>\n<div id=\"sp-jknss8\" data-mobile-css=\"#sp-jknss8|height:40px;\" data-tablet-css=\"#sp-jknss8|height:10px;\" class=\"sp-spacer\" style=\"height: 39px;\"><\/div>\n<div id=\"sp-f05gcz\" data-mobile-css=\".sp-text-wrapper-f05gcz, #sp-f05gcz, #f05gcz|text-align:left;\" data-tablet-css=\".sp-text-wrapper-f05gcz, #sp-f05gcz, #f05gcz|text-align:left;\" data-mobile-visibility=\".sp-text-wrapper-f05gcz|false\" data-tablet-visibility=\".sp-text-wrapper-f05gcz|false\" data-desktop-visibility=\".sp-text-wrapper-f05gcz|false\" class=\"sp-css-target sp-text-wrapper sp-el-block sp-text-wrapper-f05gcz\" style=\"font-size: 18px; font-weight: 400; font-style: normal; font-family: Tahoma, Geneva, sans-serif; margin: 0px; text-align: center;\">\n<p>&nbsp;Toute l&rsquo;\u00e9quipe reste disponible!&nbsp;<\/p>\n<\/div>\n<div id=\"sp-hpscna\" data-mobile-css=\".sp-text-wrapper-hpscna, #sp-hpscna, #hpscna|text-align:left;\" data-tablet-css=\".sp-text-wrapper-hpscna, #sp-hpscna, #hpscna|text-align:left;\" data-mobile-visibility=\".sp-text-wrapper-hpscna|false\" data-tablet-visibility=\".sp-text-wrapper-hpscna|false\" data-desktop-visibility=\".sp-text-wrapper-hpscna|false\" class=\"sp-css-target sp-text-wrapper sp-el-block sp-text-wrapper-hpscna\" style=\"font-weight: 400; font-style: normal; font-family: Tahoma, Geneva, sans-serif; color: rgb(0, 0, 0); margin: 0px; text-align: center;\">\n<p>N&rsquo;h\u00e9sitez pas \u00e0 nous contacter par t\u00e9l\u00e9phone, via le formulaire, ou directement sur <strong><a href=\"mailto:contact-14@normofi.com\" data-wplink-edit=\"true\">contact-14@normofi.com<\/a><\/strong><\/p>\n<\/div>\n<\/div>\n<\/div>\n<\/section>\n<section id=\"sp-xcnhyu\" data-mobile-visibility=\"#sp-xcnhyu|false\" data-tablet-visibility=\"#sp-xcnhyu|false\" data-desktop-visibility=\"#sp-xcnhyu|false\" data-mobile-css=\"\" data-tablet-css=\"\" class=\"sp-el-section \" style=\"width: 100%; max-width: 100%;\">\n<div id=\"sp-f2fgai\" data-mobile-visibility=\"#sp-f2fgai|false\" data-tablet-visibility=\"#sp-f2fgai|false\" data-desktop-visibility=\"#sp-f2fgai|false\" data-mobile-css=\"\" data-tablet-css=\"\" class=\"sp-el-row sp-w-full  sp-m-auto sm:sp-flex sp-justify-between\">\n<div id=\"sp-q7rtve\" data-mobile-visibility=\"#sp-q7rtve|false\" data-tablet-visibility=\"#sp-q7rtve|false\" data-desktop-visibility=\"#sp-q7rtve|false\" data-mobile-css=\"\" data-tablet-css=\"\" class=\"sp-el-col  sp-w-full\" style=\"width: calc(100% - 0px);\">\n<div id=\"sp-lmkirz\" data-mobile-css=\"\" data-tablet-css=\"\" data-mobile-visibility=\".sp-form-block-lmkirz|false\" data-tablet-visibility=\".sp-form-block-lmkirz|false\" data-desktop-visibility=\".sp-form-block-lmkirz|false\" class=\"sp-form-wrapper sp-el-block sp-has-form sp-form-block-lmkirz\" style=\"margin: 0px; text-align: left;\">\n<div>\n<div class=\"\">\n      <style id=\"wpforms-css-vars-25\">\n\t\t\t\t#wpforms-25 {\n\t\t\t\t--wpforms-container-padding: 0px;\n--wpforms-container-border-width: 1px;\n--wpforms-container-border-radius: 3px;\n--wpforms-background-color: rgba(0, 0, 0, 0);\n--wpforms-field-size-input-height: 43px;\n--wpforms-field-size-input-spacing: 15px;\n--wpforms-field-size-font-size: 16px;\n--wpforms-field-size-line-height: 19px;\n--wpforms-field-size-padding-h: 14px;\n--wpforms-field-size-checkbox-size: 16px;\n--wpforms-field-size-sublabel-spacing: 5px;\n--wpforms-field-size-icon-size: 1;\n--wpforms-label-size-font-size: 16px;\n--wpforms-label-size-line-height: 19px;\n--wpforms-label-size-sublabel-font-size: 14px;\n--wpforms-label-size-sublabel-line-height: 17px;\n--wpforms-button-size-font-size: 17px;\n--wpforms-button-size-height: 41px;\n--wpforms-button-size-padding-h: 15px;\n--wpforms-button-size-margin-top: 10px;\n--wpforms-container-shadow-size-box-shadow: none;\n\t\t\t}\n\t\t\t<\/style><div class=\"wpforms-container wpforms-container-full wpforms-render-modern\" id=\"wpforms-25\"><form id=\"wpforms-form-25\" class=\"wpforms-validate wpforms-form wpforms-ajax-form\" data-formid=\"25\" method=\"post\" enctype=\"multipart\/form-data\" action=\"\/index.php\/wp-json\/wp\/v2\/pages\/66\" data-token=\"fd32e97c17df89276320b0e94bc65e49\" data-token-time=\"1775469570\"><noscript class=\"wpforms-error-noscript\">Veuillez activer JavaScript dans votre navigateur pour remplir ce formulaire.<\/noscript><div id=\"wpforms-error-noscript\" style=\"display: none;\">Veuillez activer JavaScript dans votre navigateur pour remplir ce formulaire.<\/div><div class=\"wpforms-field-container\"><div id=\"wpforms-25-field_1-container\" class=\"wpforms-field wpforms-field-name\" data-field-id=\"1\"><fieldset><legend class=\"wpforms-field-label\">Nom <span class=\"wpforms-required-label\" aria-hidden=\"true\">*<\/span><\/legend><div class=\"wpforms-field-row wpforms-field-medium\"><div class=\"wpforms-field-row-block wpforms-first wpforms-one-half\"><input type=\"text\" id=\"wpforms-25-field_1\" class=\"wpforms-field-name-first wpforms-field-required\" name=\"wpforms[fields][1][first]\" aria-errormessage=\"wpforms-25-field_1-error\" required><label for=\"wpforms-25-field_1\" class=\"wpforms-field-sublabel after\">Pr\u00e9nom<\/label><\/div><div class=\"wpforms-field-row-block wpforms-one-half\"><input type=\"text\" id=\"wpforms-25-field_1-last\" class=\"wpforms-field-name-last wpforms-field-required\" name=\"wpforms[fields][1][last]\" aria-errormessage=\"wpforms-25-field_1-last-error\" required><label for=\"wpforms-25-field_1-last\" class=\"wpforms-field-sublabel after\">Nom<\/label><\/div><\/div><\/fieldset><\/div>\t\t<div id=\"wpforms-25-field_4-container\"\n\t\t\tclass=\"wpforms-field wpforms-field-text\"\n\t\t\tdata-field-type=\"text\"\n\t\t\tdata-field-id=\"4\"\n\t\t\t>\n\t\t\t<label class=\"wpforms-field-label\" for=\"wpforms-25-field_4\" >Demande Nom E-mail<\/label>\n\t\t\t<input type=\"text\" id=\"wpforms-25-field_4\" class=\"wpforms-field-medium\" name=\"wpforms[fields][4]\" >\n\t\t<\/div>\n\t\t<div id=\"wpforms-25-field_2-container\" class=\"wpforms-field wpforms-field-email wpforms-two-thirds wpforms-first\" data-field-id=\"2\"><label class=\"wpforms-field-label\" for=\"wpforms-25-field_2\">E-mail <span class=\"wpforms-required-label\" aria-hidden=\"true\">*<\/span><\/label><input type=\"email\" id=\"wpforms-25-field_2\" class=\"wpforms-field-medium wpforms-field-required\" name=\"wpforms[fields][2]\" spellcheck=\"false\" aria-errormessage=\"wpforms-25-field_2-error\" required><\/div><div id=\"wpforms-25-field_3-container\" class=\"wpforms-field wpforms-field-textarea\" data-field-id=\"3\"><label class=\"wpforms-field-label\" for=\"wpforms-25-field_3\">Demande <span class=\"wpforms-required-label\" aria-hidden=\"true\">*<\/span><\/label><textarea id=\"wpforms-25-field_3\" class=\"wpforms-field-medium wpforms-field-required\" name=\"wpforms[fields][3]\" aria-errormessage=\"wpforms-25-field_3-error\" required><\/textarea><\/div><script>\n\t\t\t\t( function() {\n\t\t\t\t\tconst style = document.createElement( 'style' );\n\t\t\t\t\tstyle.appendChild( document.createTextNode( '#wpforms-25-field_4-container { position: absolute !important; overflow: hidden !important; display: inline !important; height: 1px !important; width: 1px !important; z-index: -1000 !important; padding: 0 !important; } #wpforms-25-field_4-container input { visibility: hidden; } #wpforms-conversational-form-page #wpforms-25-field_4-container label { counter-increment: none; }' ) );\n\t\t\t\t\tdocument.head.appendChild( style );\n\t\t\t\t\tdocument.currentScript?.remove();\n\t\t\t\t} )();\n\t\t\t<\/script><\/div><!-- .wpforms-field-container --><div class=\"wpforms-submit-container\" ><input type=\"hidden\" name=\"wpforms[id]\" value=\"25\"><input type=\"hidden\" name=\"page_title\" value=\"\"><input type=\"hidden\" name=\"page_url\" value=\"https:\/\/normofi.fr\/index.php\/wp-json\/wp\/v2\/pages\/66\"><input type=\"hidden\" name=\"url_referer\" value=\"\"><button type=\"submit\" name=\"wpforms[submit]\" id=\"wpforms-submit-25\" class=\"wpforms-submit\" data-alt-text=\"Envoi...\" data-submit-text=\"Envoyer\" aria-live=\"assertive\" value=\"wpforms-submit\">Envoyer<\/button><img loading=\"lazy\" decoding=\"async\" src=\"https:\/\/normofi.fr\/wp-content\/plugins\/wpforms-lite\/assets\/images\/submit-spin.svg\" class=\"wpforms-submit-spinner\" style=\"display: none;\" width=\"26\" height=\"26\" alt=\"Chargement en cours\"><\/div><\/form><\/div>  <!-- .wpforms-container -->\n    <\/div>\n<\/div>\n<\/div>\n<\/div>\n<\/div>\n<\/section>\n<\/div>\n","protected":false},"excerpt":{"rendered":"<p>02 31 72 06 07 Site en construction Entreprise de fourniture industrielles, sp\u00e9cialis\u00e9 dans le mat\u00e9riel de soudure et compresseurs d&rsquo;air dans toute la normandie &nbsp;Toute l&rsquo;\u00e9quipe reste disponible!&nbsp; N&rsquo;h\u00e9sitez pas \u00e0 nous contacter par t\u00e9l\u00e9phone, via le formulaire, ou directement sur contact-14@normofi.com<\/p>\n","protected":false},"author":1,"featured_media":0,"parent":0,"menu_order":0,"comment_status":"closed","ping_status":"closed","template":"","meta":{"om_disable_all_campaigns":false,"_monsterinsights_skip_tracking":false,"_monsterinsights_sitenote_active":false,"_monsterinsights_sitenote_note":"","_monsterinsights_sitenote_category":0,"footnotes":""},"class_list":["post-66","page","type-page","status-publish","hentry"],"aioseo_notices":[],"_links":{"self":[{"href":"https:\/\/normofi.fr\/index.php\/wp-json\/wp\/v2\/pages\/66","targetHints":{"allow":["GET"]}}],"collection":[{"href":"https:\/\/normofi.fr\/index.php\/wp-json\/wp\/v2\/pages"}],"about":[{"href":"https:\/\/normofi.fr\/index.php\/wp-json\/wp\/v2\/types\/page"}],"author":[{"embeddable":true,"href":"https:\/\/normofi.fr\/index.php\/wp-json\/wp\/v2\/users\/1"}],"replies":[{"embeddable":true,"href":"https:\/\/normofi.fr\/index.php\/wp-json\/wp\/v2\/comments?post=66"}],"version-history":[{"count":11,"href":"https:\/\/normofi.fr\/index.php\/wp-json\/wp\/v2\/pages\/66\/revisions"}],"predecessor-version":[{"id":91,"href":"https:\/\/normofi.fr\/index.php\/wp-json\/wp\/v2\/pages\/66\/revisions\/91"}],"wp:attachment":[{"href":"https:\/\/normofi.fr\/index.php\/wp-json\/wp\/v2\/media?parent=66"}],"curies":[{"name":"wp","href":"https:\/\/api.w.org\/{rel}","templated":true}]}}